{"id":550,"date":"2025-08-26T18:43:30","date_gmt":"2025-08-26T16:43:30","guid":{"rendered":"https:\/\/150.stjteresianas.org\/150-stj\/"},"modified":"2026-01-13T13:59:39","modified_gmt":"2026-01-13T12:59:39","slug":"150-stj","status":"publish","type":"page","link":"https:\/\/150.stjteresianas.org\/ca\/150-stj\/","title":{"rendered":"150 STJ"},"content":{"rendered":"<p>[et_pb_section fb_built=\"1&#8243; custom_padding_last_edited=\"on|phone\" _builder_version=\"4.27.4&#8243; _module_preset=\"default\" background_color=\"#F2EEE9&#8243; background_position=\"top_center\" background_blend=\"screen\" custom_padding=\"12vw||12vw||false|false\" custom_padding_tablet=\"200px||200px||true|false\" custom_padding_phone=\"200px||200px||true|false\" hover_enabled=\"0&#8243; global_colors_info=\"{}\" background_enable_image=\"off\" sticky_enabled=\"0&#8243;][et_pb_row _builder_version=\"4.27.4&#8243; _module_preset=\"default\" global_colors_info=\"{}\"][et_pb_column type=\"4_4&#8243; _builder_version=\"4.27.4&#8243; _module_preset=\"default\" global_colors_info=\"{}\"][et_pb_image src=\"https:\/\/150.stjteresianas.org\/wp-content\/uploads\/2025\/10\/150-STJ_palabras-castellano-scaled.png\" title_text=\"150 STJ_paraules castell\u00e0\" _builder_version=\"4.27.4&#8243; _module_preset=\"default\" width=\"80%\" max_width=\"800px\" module_alignment=\"center\" animation_style=\"fade\" animation_duration=\"2000ms\" animation_delay=\"200ms\" hover_enabled=\"0&#8243; global_colors_info=\"{}\" sticky_enabled=\"0&#8243;][\/et_pb_image][\/et_pb_column][\/et_pb_row][\/et_pb_section][et_pb_section fb_built=\"1&#8243; _builder_version=\"4.27.4&#8243; _module_preset=\"default\" background_color=\"#F2EEE9&#8243; hover_enabled=\"0&#8243; global_colors_info=\"{}\" title_text=\"MOTIVOS 150 (1)\" background_image=\"https:\/\/150.stjteresianas.org\/wp-content\/uploads\/2025\/10\/MOTIVOS-150-1.png\" background_size=\"contain\" background_repeat=\"repeat\" sticky_enabled=\"0&#8243; scroll_fade=\"0|20|50|100|0|100|100&#8243; use_background_color_gradient=\"on\" background_color_gradient_stops=\"#f2eee9 0%|rgba(242,238,233,0.9) 100%\" background_color_gradient_overlays_image=\"on\"][et_pb_row _builder_version=\"4.27.4&#8243; _module_preset=\"default\" custom_margin=\"20vw||20vw||true|false\" scroll_fade=\"0|10|30|100|0|10%|100&#8243; scroll_blur_enable=\"on\" scroll_blur=\"0|40|60|100|10px|0px|10px\" hover_enabled=\"0&#8243; global_colors_info=\"{}\" sticky_enabled=\"0&#8243;][et_pb_column type=\"4_4&#8243; _builder_version=\"4.27.4&#8243; _module_preset=\"default\" global_colors_info=\"{}\"][et_pb_text _builder_version=\"4.27.4&#8243; _module_preset=\"default\" text_text_color=\"#083343&#8243; text_orientation=\"center\" max_width=\"800px\" module_alignment=\"center\" animation_style=\"fade\" animation_duration=\"2000ms\" animation_delay=\"1000ms\" hover_enabled=\"0&#8243; global_colors_info=\"{}\" sticky_enabled=\"0&#8243; custom_margin=\"||10px||false|false\"]<\/p>\n<p>Celebrar 150 anys de vida com a Companyia de Santa Teresa de Jes\u00fas \u00e9s fer mem\u00f2ria agra\u00efda d&#8217;una hist\u00f2ria entreteixida de fidelitats, renovar el sentit i el goig de ser teresianes i continuar sent fidels a les inspiracions d&#8217;avui per fer possible un futur ple d&#8217;esperan\u00e7a amb altres teresians i teresianes.<\/p>\n<p>Mans a l&#8217;obra, doncs, que<\/p>\n<p>[\/et_pb_text][et_pb_text _builder_version=\"4.27.4&#8243; _module_preset=\"default\" text_text_color=\"#8A8635&#8243; text_orientation=\"center\" module_alignment=\"center\" animation_style=\"fade\" animation_duration=\"2000ms\" animation_delay=\"1200ms\" hover_enabled=\"0&#8243; global_colors_info=\"{}\" sticky_enabled=\"0&#8243; text_font_size=\"40px\" text_line_height=\"1.5em\"]<\/p>\n<p>el temps urgeix i les circumst\u00e0ncies apremien!<\/p>\n<p>[\/et_pb_text][\/et_pb_column][\/et_pb_row][et_pb_row _builder_version=\"4.27.4&#8243; _module_preset=\"default\" scroll_blur_enable=\"on\" hover_enabled=\"0&#8243; sticky_enabled=\"0&#8243;][et_pb_column _builder_version=\"4.27.4&#8243; _module_preset=\"default\" type=\"4_4&#8243;][et_pb_video src=\"https:\/\/youtu.be\/q1damUIgq2I?si=Pgx3J8pfyN3-_t4c\" _builder_version=\"4.27.4&#8243; _module_preset=\"default\" title_text=\"Celebramos \u2013 2&#8243; image_src=\"https:\/\/150.stjteresianas.org\/wp-content\/uploads\/2025\/10\/Miniatura-web_video-en-tamano-grande.jpeg\" hover_enabled=\"0&#8243; sticky_enabled=\"0&#8243;][\/et_pb_video][\/et_pb_column][\/et_pb_row][et_pb_row _builder_version=\"4.27.4&#8243; _module_preset=\"default\" scroll_blur_enable=\"on\" hover_enabled=\"0&#8243; sticky_enabled=\"0&#8243;][et_pb_column _builder_version=\"4.27.4&#8243; _module_preset=\"default\" type=\"4_4&#8243;][et_pb_text _builder_version=\"4.27.4&#8243; _module_preset=\"default\" header_2_text_color=\"#083343&#8243; custom_padding=\"12vw||||false|false\" hover_enabled=\"0&#8243; sticky_enabled=\"0&#8243;]<\/p>\n<h2>Descarrega<\/h2>\n<p>[\/et_pb_text][\/et_pb_column][\/et_pb_row][et_pb_row _builder_version=\"4.27.4&#8243; _module_preset=\"default\" column_structure=\"1_4,1_4,1_4,1_4&#8243; hover_enabled=\"0&#8243; sticky_enabled=\"0&#8243; custom_padding=\"||12vw||false|false\" scroll_blur_enable=\"on\"][et_pb_column _builder_version=\"4.27.4&#8243; _module_preset=\"default\" type=\"1_4&#8243;][et_pb_button button_text=\"logo\" _builder_version=\"4.27.4&#8243; _module_preset=\"default\" button_url=\"https:\/\/drive.google.com\/drive\/folders\/1jnhoNrI0JwetwtXcIIb7vYOPih4HT3rq?usp=sharing\" url_new_window=\"on\" custom_button=\"on\" button_bg_color=\"#8A8635&#8243; button_bg_enable_color=\"on\" button_text_color=\"#083343&#8243; button_border_width=\"2px\" button_border_radius=\"30px\" custom_css_main_element=\"width:100%;\" button_alignment=\"center\" button_bg_color__hover_enabled=\"on|hover\" hover_enabled=\"0&#8243; sticky_enabled=\"0&#8243; button_bg_color__hover=\"#DE8D30&#8243; button_bg_enable_color__hover=\"on\"][\/et_pb_button][\/et_pb_column][et_pb_column _builder_version=\"4.27.4&#8243; _module_preset=\"default\" type=\"1_4&#8243;][et_pb_button button_text=\"oraci\u00f3\" _builder_version=\"4.27.4&#8243; _module_preset=\"default\" button_url=\"https:\/\/drive.google.com\/drive\/folders\/1h1RGuSIYdX5OiXA-wgL-TonmNtCu9bB3?usp=sharing\" url_new_window=\"on\" custom_button=\"on\" button_bg_color=\"#8A8635&#8243; button_bg_enable_color=\"on\" button_text_color=\"#083343&#8243; button_border_width=\"2px\" button_border_radius=\"30px\" custom_css_main_element=\"width:100%;\" button_alignment=\"center\" button_bg_color__hover_enabled=\"on|hover\" hover_enabled=\"0&#8243; sticky_enabled=\"0&#8243; button_bg_color__hover=\"#DE8D30&#8243; button_bg_enable_color__hover=\"on\"][\/et_pb_button][\/et_pb_column][et_pb_column _builder_version=\"4.27.4&#8243; _module_preset=\"default\" type=\"1_4&#8243;][et_pb_button button_text=\"guia\" _builder_version=\"4.27.4&#8243; _module_preset=\"default\" button_url=\"https:\/\/drive.google.com\/drive\/folders\/1mGYB0KXaz1iaVuFW6qp1q_I5Yg2SzlbF?usp=sharing\" url_new_window=\"on\" custom_button=\"on\" button_bg_color=\"#8A8635&#8243; button_bg_enable_color=\"on\" button_text_color=\"#083343&#8243; button_border_width=\"2px\" button_border_radius=\"30px\" custom_css_main_element=\"width:100%;\" button_alignment=\"center\" button_bg_color__hover_enabled=\"on|hover\" hover_enabled=\"0&#8243; sticky_enabled=\"0&#8243; button_bg_color__hover=\"#DE8D30&#8243; button_bg_enable_color__hover=\"on\"][\/et_pb_button][\/et_pb_column][et_pb_column _builder_version=\"4.27.4&#8243; _module_preset=\"default\" type=\"1_4&#8243;][\/et_pb_column][\/et_pb_row][et_pb_row _builder_version=\"4.27.4&#8243; _module_preset=\"default\" custom_margin=\"20vw||20vw||true|false\" scroll_fade=\"0|10|30|100|0|10%|100&#8243; scroll_blur_enable=\"on\" scroll_blur=\"0|40|60|100|10px|0px|10px\" global_colors_info=\"{}\"][et_pb_column type=\"4_4&#8243; _builder_version=\"4.27.4&#8243; _module_preset=\"default\" global_colors_info=\"{}\"][et_pb_text _builder_version=\"4.27.4&#8243; _module_preset=\"default\" text_font=\"|||on|||||\" text_text_color=\"#DE8D30&#8243; text_font_size=\"30px\" text_letter_spacing=\"4px\" text_orientation=\"center\" global_colors_info=\"{}\"]<\/p>\n<p>Properament<\/p>\n<p>[\/et_pb_text][\/et_pb_column][\/et_pb_row][et_pb_row _builder_version=\"4.27.4&#8243; _module_preset=\"default\" custom_padding=\"0px||0px||false|false\" global_colors_info=\"{}\"][et_pb_column type=\"4_4&#8243; _builder_version=\"4.27.4&#8243; _module_preset=\"default\" global_colors_info=\"{}\"][et_pb_text _builder_version=\"4.27.4&#8243; _dynamic_attributes=\"content\" _module_preset=\"default\" text_text_color=\"#083343&#8243; text_orientation=\"center\" global_colors_info=\"{}\"]@ET-DC@eyJkeW5hbWljIjp0cnVlLCJjb250ZW50IjoiY3VycmVudF9kYXRlIiwic2V0dGluZ3MiOnsiYmVmb3JlIjoiXHUwMGE5ICAiLCJhZnRlciI6IiBDb21wYW55aWEgZGUgU2FudGEgVGVyZXNhIGRlIEplc1x1MDBmYXMiLCJkYXRlX2Zvcm1hdCI6ImN1c3RvbSIsImN1c3RvbV9kYXRlX2Zvcm1hdCI6IlkifX0=@[\/et_pb_text][\/et_pb_column][\/et_pb_row][\/et_pb_section]<\/p>\n","protected":false},"excerpt":{"rendered":"<p>Celebrar 150 anys de vida com a Companyia de Santa Teresa de Jes\u00fas \u00e9s fer mem\u00f2ria agra\u00efda d&#8217;una hist\u00f2ria entreteixida de fidelitats, renovar el sentit i el goig de ser teresianes i continuar sent fidels a les inspiracions d&#8217;avui per fer possible un futur ple d&#8217;esperan\u00e7a amb altres teresians i teresianes. Mans a l&#8217;obra, doncs, [&hellip;]<\/p>\n","protected":false},"author":1,"featured_media":0,"parent":0,"menu_order":0,"comment_status":"closed","ping_status":"closed","template":"","meta":{"_et_pb_use_builder":"on","_et_pb_old_content":"","_et_gb_content_width":"","footnotes":""},"class_list":["post-550","page","type-page","status-publish","hentry"],"yoast_head":"<!-- This site is optimized with the Yoast SEO plugin v27.4 - https:\/\/yoast.com\/product\/yoast-seo-wordpress\/ -->\n<title>150 STJ - 150 STJ<\/title>\n<meta name=\"robots\" content=\"index, follow, max-snippet:-1, max-image-preview:large, max-video-preview:-1\" \/>\n<link rel=\"canonical\" href=\"https:\/\/150.stjteresianas.org\/ca\/150-stj\/\" \/>\n<meta property=\"og:locale\" content=\"ca_ES\" \/>\n<meta property=\"og:type\" content=\"article\" \/>\n<meta property=\"og:title\" content=\"150 STJ - 150 STJ\" \/>\n<meta property=\"og:description\" content=\"Celebrar 150 anys de vida com a Companyia de Santa Teresa de Jes\u00fas \u00e9s fer mem\u00f2ria agra\u00efda d&#039;una hist\u00f2ria entreteixida de fidelitats, renovar el sentit i el goig de ser teresianes i continuar sent fidels a les inspiracions d&#039;avui per fer possible un futur ple d&#039;esperan\u00e7a amb altres teresians i teresianes. Mans a l&#039;obra, doncs, [&hellip;]\" \/>\n<meta property=\"og:url\" content=\"https:\/\/150.stjteresianas.org\/ca\/150-stj\/\" \/>\n<meta property=\"og:site_name\" content=\"150 STJ\" \/>\n<meta property=\"article:modified_time\" content=\"2026-01-13T12:59:39+00:00\" \/>\n<meta name=\"twitter:card\" content=\"summary_large_image\" \/>\n<meta name=\"twitter:label1\" content=\"Temps estimat de lectura\" \/>\n\t<meta name=\"twitter:data1\" content=\"5 minut\" \/>\n<script type=\"application\/ld+json\" class=\"yoast-schema-graph\">{\"@context\":\"https:\\\/\\\/schema.org\",\"@graph\":[{\"@type\":\"WebPage\",\"@id\":\"https:\\\/\\\/150.stjteresianas.org\\\/ca\\\/150-stj\\\/\",\"url\":\"https:\\\/\\\/150.stjteresianas.org\\\/ca\\\/150-stj\\\/\",\"name\":\"150 STJ - 150 STJ\",\"isPartOf\":{\"@id\":\"https:\\\/\\\/150.stjteresianas.org\\\/ca\\\/#website\"},\"datePublished\":\"2025-08-26T16:43:30+00:00\",\"dateModified\":\"2026-01-13T12:59:39+00:00\",\"breadcrumb\":{\"@id\":\"https:\\\/\\\/150.stjteresianas.org\\\/ca\\\/150-stj\\\/#breadcrumb\"},\"inLanguage\":\"ca\",\"potentialAction\":[{\"@type\":\"ReadAction\",\"target\":[\"https:\\\/\\\/150.stjteresianas.org\\\/ca\\\/150-stj\\\/\"]}]},{\"@type\":\"BreadcrumbList\",\"@id\":\"https:\\\/\\\/150.stjteresianas.org\\\/ca\\\/150-stj\\\/#breadcrumb\",\"itemListElement\":[{\"@type\":\"ListItem\",\"position\":1,\"name\":\"Portada\",\"item\":\"https:\\\/\\\/150.stjteresianas.org\\\/ca\\\/inici\\\/\"},{\"@type\":\"ListItem\",\"position\":2,\"name\":\"150 STJ\"}]},{\"@type\":\"WebSite\",\"@id\":\"https:\\\/\\\/150.stjteresianas.org\\\/ca\\\/#website\",\"url\":\"https:\\\/\\\/150.stjteresianas.org\\\/ca\\\/\",\"name\":\"150 a\u00f1os de las Teresianas\",\"description\":\"150 a\u00f1os de la Compa\u00f1\u00eda de Santa Teresa de Jes\u00fas\",\"publisher\":{\"@id\":\"https:\\\/\\\/150.stjteresianas.org\\\/ca\\\/#organization\"},\"potentialAction\":[{\"@type\":\"SearchAction\",\"target\":{\"@type\":\"EntryPoint\",\"urlTemplate\":\"https:\\\/\\\/150.stjteresianas.org\\\/ca\\\/?s={search_term_string}\"},\"query-input\":{\"@type\":\"PropertyValueSpecification\",\"valueRequired\":true,\"valueName\":\"search_term_string\"}}],\"inLanguage\":\"ca\"},{\"@type\":\"Organization\",\"@id\":\"https:\\\/\\\/150.stjteresianas.org\\\/ca\\\/#organization\",\"name\":\"Compa\u00f1\u00eda de Santa Teresa de Jes\u00fas\",\"url\":\"https:\\\/\\\/150.stjteresianas.org\\\/ca\\\/\",\"logo\":{\"@type\":\"ImageObject\",\"inLanguage\":\"ca\",\"@id\":\"https:\\\/\\\/150.stjteresianas.org\\\/ca\\\/#\\\/schema\\\/logo\\\/image\\\/\",\"url\":\"https:\\\/\\\/150.stjteresianas.org\\\/wp-content\\\/uploads\\\/2025\\\/11\\\/Escudo-Compania-blanco.png\",\"contentUrl\":\"https:\\\/\\\/150.stjteresianas.org\\\/wp-content\\\/uploads\\\/2025\\\/11\\\/Escudo-Compania-blanco.png\",\"width\":400,\"height\":540,\"caption\":\"Compa\u00f1\u00eda de Santa Teresa de Jes\u00fas\"},\"image\":{\"@id\":\"https:\\\/\\\/150.stjteresianas.org\\\/ca\\\/#\\\/schema\\\/logo\\\/image\\\/\"}}]}<\/script>\n<!-- \/ Yoast SEO plugin. -->","yoast_head_json":{"title":"150 STJ - 150 STJ","robots":{"index":"index","follow":"follow","max-snippet":"max-snippet:-1","max-image-preview":"max-image-preview:large","max-video-preview":"max-video-preview:-1"},"canonical":"https:\/\/150.stjteresianas.org\/ca\/150-stj\/","og_locale":"ca_ES","og_type":"article","og_title":"150 STJ - 150 STJ","og_description":"Celebrar 150 anys de vida com a Companyia de Santa Teresa de Jes\u00fas \u00e9s fer mem\u00f2ria agra\u00efda d'una hist\u00f2ria entreteixida de fidelitats, renovar el sentit i el goig de ser teresianes i continuar sent fidels a les inspiracions d'avui per fer possible un futur ple d'esperan\u00e7a amb altres teresians i teresianes. Mans a l'obra, doncs, [&hellip;]","og_url":"https:\/\/150.stjteresianas.org\/ca\/150-stj\/","og_site_name":"150 STJ","article_modified_time":"2026-01-13T12:59:39+00:00","twitter_card":"summary_large_image","twitter_misc":{"Temps estimat de lectura":"5 minut"},"schema":{"@context":"https:\/\/schema.org","@graph":[{"@type":"WebPage","@id":"https:\/\/150.stjteresianas.org\/ca\/150-stj\/","url":"https:\/\/150.stjteresianas.org\/ca\/150-stj\/","name":"150 STJ - 150 STJ","isPartOf":{"@id":"https:\/\/150.stjteresianas.org\/ca\/#website"},"datePublished":"2025-08-26T16:43:30+00:00","dateModified":"2026-01-13T12:59:39+00:00","breadcrumb":{"@id":"https:\/\/150.stjteresianas.org\/ca\/150-stj\/#breadcrumb"},"inLanguage":"ca","potentialAction":[{"@type":"ReadAction","target":["https:\/\/150.stjteresianas.org\/ca\/150-stj\/"]}]},{"@type":"BreadcrumbList","@id":"https:\/\/150.stjteresianas.org\/ca\/150-stj\/#breadcrumb","itemListElement":[{"@type":"ListItem","position":1,"name":"Portada","item":"https:\/\/150.stjteresianas.org\/ca\/inici\/"},{"@type":"ListItem","position":2,"name":"150 STJ"}]},{"@type":"WebSite","@id":"https:\/\/150.stjteresianas.org\/ca\/#website","url":"https:\/\/150.stjteresianas.org\/ca\/","name":"150 a\u00f1os de las Teresianas","description":"150 a\u00f1os de la Compa\u00f1\u00eda de Santa Teresa de Jes\u00fas","publisher":{"@id":"https:\/\/150.stjteresianas.org\/ca\/#organization"},"potentialAction":[{"@type":"SearchAction","target":{"@type":"EntryPoint","urlTemplate":"https:\/\/150.stjteresianas.org\/ca\/?s={search_term_string}"},"query-input":{"@type":"PropertyValueSpecification","valueRequired":true,"valueName":"search_term_string"}}],"inLanguage":"ca"},{"@type":"Organization","@id":"https:\/\/150.stjteresianas.org\/ca\/#organization","name":"Compa\u00f1\u00eda de Santa Teresa de Jes\u00fas","url":"https:\/\/150.stjteresianas.org\/ca\/","logo":{"@type":"ImageObject","inLanguage":"ca","@id":"https:\/\/150.stjteresianas.org\/ca\/#\/schema\/logo\/image\/","url":"https:\/\/150.stjteresianas.org\/wp-content\/uploads\/2025\/11\/Escudo-Compania-blanco.png","contentUrl":"https:\/\/150.stjteresianas.org\/wp-content\/uploads\/2025\/11\/Escudo-Compania-blanco.png","width":400,"height":540,"caption":"Compa\u00f1\u00eda de Santa Teresa de Jes\u00fas"},"image":{"@id":"https:\/\/150.stjteresianas.org\/ca\/#\/schema\/logo\/image\/"}}]}},"_links":{"self":[{"href":"https:\/\/150.stjteresianas.org\/ca\/wp-json\/wp\/v2\/pages\/550","targetHints":{"allow":["GET"]}}],"collection":[{"href":"https:\/\/150.stjteresianas.org\/ca\/wp-json\/wp\/v2\/pages"}],"about":[{"href":"https:\/\/150.stjteresianas.org\/ca\/wp-json\/wp\/v2\/types\/page"}],"author":[{"embeddable":true,"href":"https:\/\/150.stjteresianas.org\/ca\/wp-json\/wp\/v2\/users\/1"}],"replies":[{"embeddable":true,"href":"https:\/\/150.stjteresianas.org\/ca\/wp-json\/wp\/v2\/comments?post=550"}],"version-history":[{"count":2,"href":"https:\/\/150.stjteresianas.org\/ca\/wp-json\/wp\/v2\/pages\/550\/revisions"}],"predecessor-version":[{"id":560,"href":"https:\/\/150.stjteresianas.org\/ca\/wp-json\/wp\/v2\/pages\/550\/revisions\/560"}],"wp:attachment":[{"href":"https:\/\/150.stjteresianas.org\/ca\/wp-json\/wp\/v2\/media?parent=550"}],"curies":[{"name":"wp","href":"https:\/\/api.w.org\/{rel}","templated":true}]}}