{"id":534,"date":"2025-08-26T18:43:30","date_gmt":"2025-08-26T16:43:30","guid":{"rendered":"https:\/\/150.stjteresianas.org\/150-stj\/"},"modified":"2026-01-13T13:59:39","modified_gmt":"2026-01-13T12:59:39","slug":"150-stj","status":"publish","type":"page","link":"https:\/\/150.stjteresianas.org\/fr\/150-stj\/","title":{"rendered":"150 STJ"},"content":{"rendered":"<p>[et_pb_section fb_built=\"1&Prime; custom_padding_last_edited=\"on|phone\" _builder_version=\"4.27.4&Prime; _module_preset=\"default\" background_color=\"#F2EEE9&Prime; background_position=\"top_center\" background_blend=\"screen\" custom_padding=\"12vw||12vw||false|false\" custom_padding_tablet=\"200px||200px||true|false\" custom_padding_phone=\"200px||200px||true|false\" hover_enabled=\"0&Prime; global_colors_info=\"{}\" background_enable_image=\"off\" sticky_enabled=\"0&Prime;][et_pb_row _builder_version=\"4.27.4&Prime; _module_preset=\"default\" global_colors_info=\"{}\"][et_pb_column type=\"4_4&Prime; _builder_version=\"4.27.4&Prime; _module_preset=\"default\" global_colors_info=\"{}\"][et_pb_image src=\"https:\/\/150.stjteresianas.org\/wp-content\/uploads\/2025\/10\/150-STJ_palabras-castellano-scaled.png\" title_text=\"150 STJ_palabras castellano\" _builder_version=\"4.27.4&Prime; _module_preset=\"default\" width=\"80%\" max_width=\"800px\" module_alignment=\"center\" animation_style=\"fade\" animation_duration=\"2000ms\" animation_delay=\"200ms\" hover_enabled=\"0&Prime; global_colors_info=\"{}\" sticky_enabled=\"0&Prime;][\/et_pb_image][\/et_pb_column][\/et_pb_row][\/et_pb_section][et_pb_section fb_built=\"1&Prime; _builder_version=\"4.27.4&Prime; _module_preset=\"default\" background_color=\"#F2EEE9&Prime; hover_enabled=\"0&Prime; global_colors_info=\"{}\" title_text=\"MOTIVOS 150 (1)\" background_image=\"https:\/\/150.stjteresianas.org\/wp-content\/uploads\/2025\/10\/MOTIVOS-150-1.png\" background_size=\"contain\" background_repeat=\"repeat\" sticky_enabled=\"0&Prime; scroll_fade=\"0|20|50|100|0|100|100&Prime; use_background_color_gradient=\"on\" background_color_gradient_stops=\"#f2eee9 0%|rgba(242,238,233,0.9) 100%\" background_color_gradient_overlays_image=\"on\"][et_pb_row _builder_version=\"4.27.4&Prime; _module_preset=\"default\" custom_margin=\"20vw||20vw||true|false\" scroll_fade=\"0|10|30|100|0|10%|100&Prime; scroll_blur_enable=\"on\" scroll_blur=\"0|40|60|100|10px|0px|10px\" hover_enabled=\"0&Prime; global_colors_info=\"{}\" sticky_enabled=\"0&Prime;][et_pb_column type=\"4_4&Prime; _builder_version=\"4.27.4&Prime; _module_preset=\"default\" global_colors_info=\"{}\"][et_pb_text _builder_version=\"4.27.4&Prime; _module_preset=\"default\" text_text_color=\"#083343&Prime; text_orientation=\"center\" max_width=\"800px\" module_alignment=\"center\" animation_style=\"fade\" animation_duration=\"2000ms\" animation_delay=\"1000ms\" hover_enabled=\"0&Prime; global_colors_info=\"{}\" sticky_enabled=\"0&Prime; custom_margin=\"||10px||false|false\"]<\/p>\n<p>C\u00e9l\u00e9brer 150 ans de vie en tant que Compagnie de Sainte Th\u00e9r\u00e8se de J\u00e9sus, c&rsquo;est se souvenir avec gratitude d&rsquo;une histoire tiss\u00e9e de fid\u00e9lit\u00e9s, renouveler le sens et la joie d&rsquo;\u00eatre th\u00e9r\u00e9siennes et continuer \u00e0 \u00eatre fid\u00e8les aux inspirations d&rsquo;aujourd&rsquo;hui pour rendre possible un avenir plein d&rsquo;espoir avec d&rsquo;autres th\u00e9r\u00e9siens et th\u00e9r\u00e9siennes.<\/p>\n<p>Au travail, donc, car<\/p>\n<p>[\/et_pb_text][et_pb_text _builder_version=\"4.27.4&Prime; _module_preset=\"default\" text_text_color=\"#8A8635&Prime; text_orientation=\"center\" module_alignment=\"center\" animation_style=\"fade\" animation_duration=\"2000ms\" animation_delay=\"1200ms\" hover_enabled=\"0&Prime; global_colors_info=\"{}\" sticky_enabled=\"0&Prime; text_font_size=\"40px\" text_line_height=\"1.5em\"]<\/p>\n<p>le temps presse et les circonstances sont urgentes&nbsp;!<\/p>\n<p>[\/et_pb_text][\/et_pb_column][\/et_pb_row][et_pb_row _builder_version=\"4.27.4&Prime; _module_preset=\"default\" scroll_blur_enable=\"on\" hover_enabled=\"0&Prime; sticky_enabled=\"0&Prime;][et_pb_column _builder_version=\"4.27.4&Prime; _module_preset=\"default\" type=\"4_4&Prime;][et_pb_video src=\"https:\/\/youtu.be\/q1damUIgq2I?si=Pgx3J8pfyN3-_t4c\" _builder_version=\"4.27.4&Prime; _module_preset=\"default\" title_text=\"Celebramos - 2&Prime; image_src=\"https:\/\/150.stjteresianas.org\/wp-content\/uploads\/2025\/10\/Miniatura-web_video-en-tamano-grande.jpeg\" hover_enabled=\"0&Prime; sticky_enabled=\"0&Prime;][\/et_pb_video][\/et_pb_column][\/et_pb_row][et_pb_row _builder_version=\"4.27.4&Prime; _module_preset=\"default\" scroll_blur_enable=\"on\" hover_enabled=\"0&Prime; sticky_enabled=\"0&Prime;][et_pb_column _builder_version=\"4.27.4&Prime; _module_preset=\"default\" type=\"4_4&Prime;][et_pb_text _builder_version=\"4.27.4&Prime; _module_preset=\"default\" header_2_text_color=\"#083343&Prime; custom_padding=\"12vw||||false|false\" hover_enabled=\"0&Prime; sticky_enabled=\"0&Prime;]<\/p>\n<h2>T\u00e9l\u00e9charger<\/h2>\n<p>[\/et_pb_text][\/et_pb_column][\/et_pb_row][et_pb_row _builder_version=\"4.27.4&Prime; _module_preset=\"default\" column_structure=\"1_4,1_4,1_4,1_4&Prime; hover_enabled=\"0&Prime; sticky_enabled=\"0&Prime; custom_padding=\"||12vw||false|false\" scroll_blur_enable=\"on\"][et_pb_column _builder_version=\"4.27.4&Prime; _module_preset=\"default\" type=\"1_4&Prime;][et_pb_button button_text=\"logo\" _builder_version=\"4.27.4&Prime; _module_preset=\"default\" button_url=\"https:\/\/drive.google.com\/drive\/folders\/1jnhoNrI0JwetwtXcIIb7vYOPih4HT3rq?usp=sharing\" url_new_window=\"on\" custom_button=\"on\" button_bg_color=\"#8A8635&Prime; button_bg_enable_color=\"on\" button_text_color=\"#083343&Prime; button_border_width=\"2px\" button_border_radius=\"30px\" custom_css_main_element=\"width:100%;\" button_alignment=\"center\" button_bg_color__hover_enabled=\"on|hover\" hover_enabled=\"0&Prime; sticky_enabled=\"0&Prime; button_bg_color__hover=\"#DE8D30&Prime; button_bg_enable_color__hover=\"on\"][\/et_pb_button][\/et_pb_column][et_pb_column _builder_version=\"4.27.4&Prime; _module_preset=\"default\" type=\"1_4&Prime;][et_pb_button button_text=\"pri\u00e8re\" _builder_version=\"4.27.4&Prime; _module_preset=\"default\" button_url=\"https:\/\/drive.google.com\/drive\/folders\/1h1RGuSIYdX5OiXA-wgL-TonmNtCu9bB3?usp=sharing\" url_new_window=\"on\" custom_button=\"on\" button_bg_color=\"#8A8635&Prime; button_bg_enable_color=\"on\" button_text_color=\"#083343&Prime; button_border_width=\"2px\" button_border_radius=\"30px\" custom_css_main_element=\"width:100%;\" button_alignment=\"center\" button_bg_color__hover_enabled=\"on|hover\" hover_enabled=\"0&Prime; sticky_enabled=\"0&Prime; button_bg_color__hover=\"#DE8D30&Prime; button_bg_enable_color__hover=\"on\"][\/et_pb_button][\/et_pb_column][et_pb_column _builder_version=\"4.27.4&Prime; _module_preset=\"default\" type=\"1_4&Prime;][et_pb_button button_text=\"guide\" _builder_version=\"4.27.4&Prime; _module_preset=\"default\" button_url=\"https:\/\/drive.google.com\/drive\/folders\/1mGYB0KXaz1iaVuFW6qp1q_I5Yg2SzlbF?usp=sharing\" url_new_window=\"on\" custom_button=\"on\" button_bg_color=\"#8A8635&Prime; button_bg_enable_color=\"on\" button_text_color=\"#083343&Prime; button_border_width=\"2px\" button_border_radius=\"30px\" custom_css_main_element=\"width:100%;\" button_alignment=\"center\" button_bg_color__hover_enabled=\"on|hover\" hover_enabled=\"0&Prime; sticky_enabled=\"0&Prime; button_bg_color__hover=\"#DE8D30&Prime; button_bg_enable_color__hover=\"on\"][\/et_pb_button][\/et_pb_column][et_pb_column _builder_version=\"4.27.4&Prime; _module_preset=\"default\" type=\"1_4&Prime;][\/et_pb_column][\/et_pb_row][et_pb_row _builder_version=\"4.27.4&Prime; _module_preset=\"default\" custom_margin=\"20vw||20vw||true|false\" scroll_fade=\"0|10|30|100|0|10%|100&Prime; scroll_blur_enable=\"on\" scroll_blur=\"0|40|60|100|10px|0px|10px\" global_colors_info=\"{}\"][et_pb_column type=\"4_4&Prime; _builder_version=\"4.27.4&Prime; _module_preset=\"default\" global_colors_info=\"{}\"][et_pb_text _builder_version=\"4.27.4&Prime; _module_preset=\"default\" text_font=\"|||on|||||\" text_text_color=\"#DE8D30&Prime; text_font_size=\"30px\" text_letter_spacing=\"4px\" text_orientation=\"center\" global_colors_info=\"{}\"]<\/p>\n<p>Prochainement<\/p>\n<p>[\/et_pb_text][\/et_pb_column][\/et_pb_row][et_pb_row _builder_version=\"4.27.4&Prime; _module_preset=\"default\" custom_padding=\"0px||0px||false|false\" global_colors_info=\"{}\"][et_pb_column type=\"4_4&Prime; _builder_version=\"4.27.4&Prime; _module_preset=\"default\" global_colors_info=\"{}\"][et_pb_text _builder_version=\"4.27.4&Prime; _dynamic_attributes=\"content\" _module_preset=\"default\" text_text_color=\"#083343&Prime; text_orientation=\"center\" global_colors_info=\"{}\"]@ET-DC@eyJkeW5hbWljIjp0cnVlLCJjb250ZW50IjoiY3VycmVudF9kYXRlIiwic2V0dGluZ3MiOnsiYmVmb3JlIjoiXHUwMGE5ICAiLCJhZnRlciI6IiBDb21wYWduaWUgZGUgU2FpbnRlIFRoXHUwMGU5clx1MDBlOHNlIGRlIEpcdTAwZTlzdXMiLCJkYXRlX2Zvcm1hdCI6ImN1c3RvbSIsImN1c3RvbV9kYXRlX2Zvcm1hdCI6IlkifX0=@[\/et_pb_text][\/et_pb_column][\/et_pb_row][\/et_pb_section]<\/p>\n","protected":false},"excerpt":{"rendered":"<p>C\u00e9l\u00e9brer 150 ans de vie en tant que Compagnie de Sainte Th\u00e9r\u00e8se de J\u00e9sus, c&rsquo;est se souvenir avec gratitude d&rsquo;une histoire tiss\u00e9e de fid\u00e9lit\u00e9s, renouveler le sens et la joie d&rsquo;\u00eatre th\u00e9r\u00e9siennes et continuer \u00e0 \u00eatre fid\u00e8les aux inspirations d&rsquo;aujourd&rsquo;hui pour rendre possible un avenir plein d&rsquo;espoir avec d&rsquo;autres th\u00e9r\u00e9siens et th\u00e9r\u00e9siennes. Au travail, donc, [&hellip;]<\/p>\n","protected":false},"author":1,"featured_media":0,"parent":0,"menu_order":0,"comment_status":"closed","ping_status":"closed","template":"","meta":{"_et_pb_use_builder":"on","_et_pb_old_content":"","_et_gb_content_width":"","footnotes":""},"class_list":["post-534","page","type-page","status-publish","hentry"],"yoast_head":"<!-- This site is optimized with the Yoast SEO plugin v27.4 - https:\/\/yoast.com\/product\/yoast-seo-wordpress\/ -->\n<title>150 STJ - 150 STJ<\/title>\n<meta name=\"robots\" content=\"index, follow, max-snippet:-1, max-image-preview:large, max-video-preview:-1\" \/>\n<link rel=\"canonical\" href=\"https:\/\/150.stjteresianas.org\/fr\/150-stj\/\" \/>\n<meta property=\"og:locale\" content=\"fr_FR\" \/>\n<meta property=\"og:type\" content=\"article\" \/>\n<meta property=\"og:title\" content=\"150 STJ - 150 STJ\" \/>\n<meta property=\"og:description\" content=\"C\u00e9l\u00e9brer 150 ans de vie en tant que Compagnie de Sainte Th\u00e9r\u00e8se de J\u00e9sus, c&#039;est se souvenir avec gratitude d&#039;une histoire tiss\u00e9e de fid\u00e9lit\u00e9s, renouveler le sens et la joie d&#039;\u00eatre th\u00e9r\u00e9siennes et continuer \u00e0 \u00eatre fid\u00e8les aux inspirations d&#039;aujourd&#039;hui pour rendre possible un avenir plein d&#039;espoir avec d&#039;autres th\u00e9r\u00e9siens et th\u00e9r\u00e9siennes. Au travail, donc, [&hellip;]\" \/>\n<meta property=\"og:url\" content=\"https:\/\/150.stjteresianas.org\/fr\/150-stj\/\" \/>\n<meta property=\"og:site_name\" content=\"150 STJ\" \/>\n<meta property=\"article:modified_time\" content=\"2026-01-13T12:59:39+00:00\" \/>\n<meta name=\"twitter:card\" content=\"summary_large_image\" \/>\n<meta name=\"twitter:label1\" content=\"Dur\u00e9e de lecture estim\u00e9e\" \/>\n\t<meta name=\"twitter:data1\" content=\"5 minutes\" \/>\n<script type=\"application\/ld+json\" class=\"yoast-schema-graph\">{\"@context\":\"https:\\\/\\\/schema.org\",\"@graph\":[{\"@type\":\"WebPage\",\"@id\":\"https:\\\/\\\/150.stjteresianas.org\\\/fr\\\/150-stj\\\/\",\"url\":\"https:\\\/\\\/150.stjteresianas.org\\\/fr\\\/150-stj\\\/\",\"name\":\"150 STJ - 150 STJ\",\"isPartOf\":{\"@id\":\"https:\\\/\\\/150.stjteresianas.org\\\/fr\\\/#website\"},\"datePublished\":\"2025-08-26T16:43:30+00:00\",\"dateModified\":\"2026-01-13T12:59:39+00:00\",\"breadcrumb\":{\"@id\":\"https:\\\/\\\/150.stjteresianas.org\\\/fr\\\/150-stj\\\/#breadcrumb\"},\"inLanguage\":\"fr-FR\",\"potentialAction\":[{\"@type\":\"ReadAction\",\"target\":[\"https:\\\/\\\/150.stjteresianas.org\\\/fr\\\/150-stj\\\/\"]}]},{\"@type\":\"BreadcrumbList\",\"@id\":\"https:\\\/\\\/150.stjteresianas.org\\\/fr\\\/150-stj\\\/#breadcrumb\",\"itemListElement\":[{\"@type\":\"ListItem\",\"position\":1,\"name\":\"Portada\",\"item\":\"https:\\\/\\\/150.stjteresianas.org\\\/fr\\\/accueil\\\/\"},{\"@type\":\"ListItem\",\"position\":2,\"name\":\"150 STJ\"}]},{\"@type\":\"WebSite\",\"@id\":\"https:\\\/\\\/150.stjteresianas.org\\\/fr\\\/#website\",\"url\":\"https:\\\/\\\/150.stjteresianas.org\\\/fr\\\/\",\"name\":\"150 a\u00f1os de las Teresianas\",\"description\":\"150 a\u00f1os de la Compa\u00f1\u00eda de Santa Teresa de Jes\u00fas\",\"publisher\":{\"@id\":\"https:\\\/\\\/150.stjteresianas.org\\\/fr\\\/#organization\"},\"potentialAction\":[{\"@type\":\"SearchAction\",\"target\":{\"@type\":\"EntryPoint\",\"urlTemplate\":\"https:\\\/\\\/150.stjteresianas.org\\\/fr\\\/?s={search_term_string}\"},\"query-input\":{\"@type\":\"PropertyValueSpecification\",\"valueRequired\":true,\"valueName\":\"search_term_string\"}}],\"inLanguage\":\"fr-FR\"},{\"@type\":\"Organization\",\"@id\":\"https:\\\/\\\/150.stjteresianas.org\\\/fr\\\/#organization\",\"name\":\"Compagnie de Santa Teresa de Jes\u00fas\",\"url\":\"https:\\\/\\\/150.stjteresianas.org\\\/fr\\\/\",\"logo\":{\"@type\":\"ImageObject\",\"inLanguage\":\"fr-FR\",\"@id\":\"https:\\\/\\\/150.stjteresianas.org\\\/fr\\\/#\\\/schema\\\/logo\\\/image\\\/\",\"url\":\"https:\\\/\\\/150.stjteresianas.org\\\/wp-content\\\/uploads\\\/2025\\\/11\\\/Escudo-Compania-blanco.png\",\"contentUrl\":\"https:\\\/\\\/150.stjteresianas.org\\\/wp-content\\\/uploads\\\/2025\\\/11\\\/Escudo-Compania-blanco.png\",\"width\":400,\"height\":540,\"caption\":\"Compagnie de Santa Teresa de Jes\u00fas\"},\"image\":{\"@id\":\"https:\\\/\\\/150.stjteresianas.org\\\/fr\\\/#\\\/schema\\\/logo\\\/image\\\/\"}}]}<\/script>\n<!-- \/ Yoast SEO plugin. -->","yoast_head_json":{"title":"150 STJ - 150 STJ","robots":{"index":"index","follow":"follow","max-snippet":"max-snippet:-1","max-image-preview":"max-image-preview:large","max-video-preview":"max-video-preview:-1"},"canonical":"https:\/\/150.stjteresianas.org\/fr\/150-stj\/","og_locale":"fr_FR","og_type":"article","og_title":"150 STJ - 150 STJ","og_description":"C\u00e9l\u00e9brer 150 ans de vie en tant que Compagnie de Sainte Th\u00e9r\u00e8se de J\u00e9sus, c'est se souvenir avec gratitude d'une histoire tiss\u00e9e de fid\u00e9lit\u00e9s, renouveler le sens et la joie d'\u00eatre th\u00e9r\u00e9siennes et continuer \u00e0 \u00eatre fid\u00e8les aux inspirations d'aujourd'hui pour rendre possible un avenir plein d'espoir avec d'autres th\u00e9r\u00e9siens et th\u00e9r\u00e9siennes. Au travail, donc, [&hellip;]","og_url":"https:\/\/150.stjteresianas.org\/fr\/150-stj\/","og_site_name":"150 STJ","article_modified_time":"2026-01-13T12:59:39+00:00","twitter_card":"summary_large_image","twitter_misc":{"Dur\u00e9e de lecture estim\u00e9e":"5 minutes"},"schema":{"@context":"https:\/\/schema.org","@graph":[{"@type":"WebPage","@id":"https:\/\/150.stjteresianas.org\/fr\/150-stj\/","url":"https:\/\/150.stjteresianas.org\/fr\/150-stj\/","name":"150 STJ - 150 STJ","isPartOf":{"@id":"https:\/\/150.stjteresianas.org\/fr\/#website"},"datePublished":"2025-08-26T16:43:30+00:00","dateModified":"2026-01-13T12:59:39+00:00","breadcrumb":{"@id":"https:\/\/150.stjteresianas.org\/fr\/150-stj\/#breadcrumb"},"inLanguage":"fr-FR","potentialAction":[{"@type":"ReadAction","target":["https:\/\/150.stjteresianas.org\/fr\/150-stj\/"]}]},{"@type":"BreadcrumbList","@id":"https:\/\/150.stjteresianas.org\/fr\/150-stj\/#breadcrumb","itemListElement":[{"@type":"ListItem","position":1,"name":"Portada","item":"https:\/\/150.stjteresianas.org\/fr\/accueil\/"},{"@type":"ListItem","position":2,"name":"150 STJ"}]},{"@type":"WebSite","@id":"https:\/\/150.stjteresianas.org\/fr\/#website","url":"https:\/\/150.stjteresianas.org\/fr\/","name":"150 a\u00f1os de las Teresianas","description":"150 a\u00f1os de la Compa\u00f1\u00eda de Santa Teresa de Jes\u00fas","publisher":{"@id":"https:\/\/150.stjteresianas.org\/fr\/#organization"},"potentialAction":[{"@type":"SearchAction","target":{"@type":"EntryPoint","urlTemplate":"https:\/\/150.stjteresianas.org\/fr\/?s={search_term_string}"},"query-input":{"@type":"PropertyValueSpecification","valueRequired":true,"valueName":"search_term_string"}}],"inLanguage":"fr-FR"},{"@type":"Organization","@id":"https:\/\/150.stjteresianas.org\/fr\/#organization","name":"Compagnie de Santa Teresa de Jes\u00fas","url":"https:\/\/150.stjteresianas.org\/fr\/","logo":{"@type":"ImageObject","inLanguage":"fr-FR","@id":"https:\/\/150.stjteresianas.org\/fr\/#\/schema\/logo\/image\/","url":"https:\/\/150.stjteresianas.org\/wp-content\/uploads\/2025\/11\/Escudo-Compania-blanco.png","contentUrl":"https:\/\/150.stjteresianas.org\/wp-content\/uploads\/2025\/11\/Escudo-Compania-blanco.png","width":400,"height":540,"caption":"Compagnie de Santa Teresa de Jes\u00fas"},"image":{"@id":"https:\/\/150.stjteresianas.org\/fr\/#\/schema\/logo\/image\/"}}]}},"_links":{"self":[{"href":"https:\/\/150.stjteresianas.org\/fr\/wp-json\/wp\/v2\/pages\/534","targetHints":{"allow":["GET"]}}],"collection":[{"href":"https:\/\/150.stjteresianas.org\/fr\/wp-json\/wp\/v2\/pages"}],"about":[{"href":"https:\/\/150.stjteresianas.org\/fr\/wp-json\/wp\/v2\/types\/page"}],"author":[{"embeddable":true,"href":"https:\/\/150.stjteresianas.org\/fr\/wp-json\/wp\/v2\/users\/1"}],"replies":[{"embeddable":true,"href":"https:\/\/150.stjteresianas.org\/fr\/wp-json\/wp\/v2\/comments?post=534"}],"version-history":[{"count":6,"href":"https:\/\/150.stjteresianas.org\/fr\/wp-json\/wp\/v2\/pages\/534\/revisions"}],"predecessor-version":[{"id":558,"href":"https:\/\/150.stjteresianas.org\/fr\/wp-json\/wp\/v2\/pages\/534\/revisions\/558"}],"wp:attachment":[{"href":"https:\/\/150.stjteresianas.org\/fr\/wp-json\/wp\/v2\/media?parent=534"}],"curies":[{"name":"wp","href":"https:\/\/api.w.org\/{rel}","templated":true}]}}